{"id":2823,"date":"2024-04-01T23:09:41","date_gmt":"2024-04-02T05:09:41","guid":{"rendered":"https:\/\/regaloshechosamano.com.mx\/?post_type=product&#038;p=2823"},"modified":"2024-04-01T23:14:52","modified_gmt":"2024-04-02T05:14:52","slug":"cuadro-rosa-3d","status":"publish","type":"product","link":"https:\/\/regaloshechosamano.com.mx\/index.php\/product\/cuadro-rosa-3d\/","title":{"rendered":"Cuadro Rosa 3D."},"content":{"rendered":"<ul>\n<li>Pintado a mano sobre un bastidor de madera mdf con pintura acr\u00edlica y con un efecto 3D.<\/li>\n<li>Cuenta con un orificio para colgarla y pijas para colgar las llaves.<\/li>\n<li>Contiene un recubrimiento de laca que permite maximizar su duraci\u00f3n derivada del uso diario.<\/li>\n<\/ul>\n","protected":false},"excerpt":{"rendered":"<p>Decora tu casa u oficina con este femenino y rom\u00e1ntico cuadro s\u00edmbolo de amor, pasi\u00f3n, atracci\u00f3n y seducci\u00f3n.<\/p>\n","protected":false},"featured_media":2824,"template":"","meta":{"_monsterinsights_skip_tracking":false,"_monsterinsights_sitenote_active":false,"_monsterinsights_sitenote_note":"","_monsterinsights_sitenote_category":0,"_kad_post_transparent":"default","_kad_post_title":"","_kad_post_layout":"default","_kad_post_sidebar_id":"","_kad_post_content_style":"default","_kad_post_vertical_padding":"default","_kad_post_feature":"","_kad_post_feature_position":"","_kad_post_header":false,"_kad_post_footer":false},"product_cat":[26,78,53],"product_tag":[],"yoast_head":"<!-- This site is optimized with the Yoast SEO plugin v20.6 - https:\/\/yoast.com\/wordpress\/plugins\/seo\/ -->\n<title>Cuadro Rosa 3D. - Creaciones Be<\/title>\n<meta name=\"description\" content=\"Decora tu casa, habitaci\u00f3n u oficina con este femenino y rom\u00e1ntico cuadro s\u00edmbolo de amor, pasi\u00f3n, atracci\u00f3n y seducci\u00f3n.\" \/>\n<meta name=\"robots\" content=\"index, follow, max-snippet:-1, max-image-preview:large, max-video-preview:-1\" \/>\n<link rel=\"canonical\" href=\"https:\/\/regaloshechosamano.com.mx\/index.php\/product\/cuadro-rosa-3d\/\" \/>\n<meta property=\"og:locale\" content=\"es_MX\" \/>\n<meta property=\"og:type\" content=\"article\" \/>\n<meta property=\"og:title\" content=\"Cuadro Rosa 3D. - Creaciones Be\" \/>\n<meta property=\"og:description\" content=\"Decora tu casa, habitaci\u00f3n u oficina con este femenino y rom\u00e1ntico cuadro s\u00edmbolo de amor, pasi\u00f3n, atracci\u00f3n y seducci\u00f3n.\" \/>\n<meta property=\"og:url\" content=\"https:\/\/regaloshechosamano.com.mx\/index.php\/product\/cuadro-rosa-3d\/\" \/>\n<meta property=\"og:site_name\" content=\"Creaciones Be\" \/>\n<meta property=\"article:modified_time\" content=\"2024-04-02T05:14:52+00:00\" \/>\n<meta property=\"og:image\" content=\"http:\/\/regaloshechosamano.com.mx\/wp-content\/uploads\/2024\/04\/cuadro-rosa-3D-1.png\" \/>\n\t<meta property=\"og:image:width\" content=\"1000\" \/>\n\t<meta property=\"og:image:height\" content=\"1000\" \/>\n\t<meta property=\"og:image:type\" content=\"image\/png\" \/>\n<meta name=\"twitter:card\" content=\"summary_large_image\" \/>\n<meta name=\"twitter:label1\" content=\"Tiempo de lectura\" \/>\n\t<meta name=\"twitter:data1\" content=\"1 minuto\" \/>\n<script type=\"application\/ld+json\" class=\"yoast-schema-graph\">{\"@context\":\"https:\/\/schema.org\",\"@graph\":[{\"@type\":\"WebPage\",\"@id\":\"https:\/\/regaloshechosamano.com.mx\/index.php\/product\/cuadro-rosa-3d\/\",\"url\":\"https:\/\/regaloshechosamano.com.mx\/index.php\/product\/cuadro-rosa-3d\/\",\"name\":\"Cuadro Rosa 3D. - Creaciones Be\",\"isPartOf\":{\"@id\":\"https:\/\/regaloshechosamano.com.mx\/#website\"},\"datePublished\":\"2024-04-02T05:09:41+00:00\",\"dateModified\":\"2024-04-02T05:14:52+00:00\",\"description\":\"Decora tu casa, habitaci\u00f3n u oficina con este femenino y rom\u00e1ntico cuadro s\u00edmbolo de amor, pasi\u00f3n, atracci\u00f3n y seducci\u00f3n.\",\"breadcrumb\":{\"@id\":\"https:\/\/regaloshechosamano.com.mx\/index.php\/product\/cuadro-rosa-3d\/#breadcrumb\"},\"inLanguage\":\"es-MX\",\"potentialAction\":[{\"@type\":\"ReadAction\",\"target\":[\"https:\/\/regaloshechosamano.com.mx\/index.php\/product\/cuadro-rosa-3d\/\"]}]},{\"@type\":\"BreadcrumbList\",\"@id\":\"https:\/\/regaloshechosamano.com.mx\/index.php\/product\/cuadro-rosa-3d\/#breadcrumb\",\"itemListElement\":[{\"@type\":\"ListItem\",\"position\":1,\"name\":\"Inicio\",\"item\":\"https:\/\/regaloshechosamano.com.mx\/\"},{\"@type\":\"ListItem\",\"position\":2,\"name\":\"Productos\",\"item\":\"https:\/\/regaloshechosamano.com.mx\/index.php\/productos\/\"},{\"@type\":\"ListItem\",\"position\":3,\"name\":\"Cuadro Rosa 3D.\"}]},{\"@type\":\"WebSite\",\"@id\":\"https:\/\/regaloshechosamano.com.mx\/#website\",\"url\":\"https:\/\/regaloshechosamano.com.mx\/\",\"name\":\"Creaciones Be\",\"description\":\"Regalos \u00fanicos \u00a1momentos inolvidables!\",\"publisher\":{\"@id\":\"https:\/\/regaloshechosamano.com.mx\/#organization\"},\"potentialAction\":[{\"@type\":\"SearchAction\",\"target\":{\"@type\":\"EntryPoint\",\"urlTemplate\":\"https:\/\/regaloshechosamano.com.mx\/?s={search_term_string}\"},\"query-input\":\"required name=search_term_string\"}],\"inLanguage\":\"es-MX\"},{\"@type\":\"Organization\",\"@id\":\"https:\/\/regaloshechosamano.com.mx\/#organization\",\"name\":\"Creaciones Be\",\"url\":\"https:\/\/regaloshechosamano.com.mx\/\",\"logo\":{\"@type\":\"ImageObject\",\"inLanguage\":\"es-MX\",\"@id\":\"https:\/\/regaloshechosamano.com.mx\/#\/schema\/logo\/image\/\",\"url\":\"https:\/\/regaloshechosamano.com.mx\/wp-content\/uploads\/2022\/10\/FaviconLogo-png.png\",\"contentUrl\":\"https:\/\/regaloshechosamano.com.mx\/wp-content\/uploads\/2022\/10\/FaviconLogo-png.png\",\"width\":64,\"height\":64,\"caption\":\"Creaciones Be\"},\"image\":{\"@id\":\"https:\/\/regaloshechosamano.com.mx\/#\/schema\/logo\/image\/\"}}]}<\/script>\n<!-- \/ Yoast SEO plugin. -->","yoast_head_json":{"title":"Cuadro Rosa 3D. - Creaciones Be","description":"Decora tu casa, habitaci\u00f3n u oficina con este femenino y rom\u00e1ntico cuadro s\u00edmbolo de amor, pasi\u00f3n, atracci\u00f3n y seducci\u00f3n.","robots":{"index":"index","follow":"follow","max-snippet":"max-snippet:-1","max-image-preview":"max-image-preview:large","max-video-preview":"max-video-preview:-1"},"canonical":"https:\/\/regaloshechosamano.com.mx\/index.php\/product\/cuadro-rosa-3d\/","og_locale":"es_MX","og_type":"article","og_title":"Cuadro Rosa 3D. - Creaciones Be","og_description":"Decora tu casa, habitaci\u00f3n u oficina con este femenino y rom\u00e1ntico cuadro s\u00edmbolo de amor, pasi\u00f3n, atracci\u00f3n y seducci\u00f3n.","og_url":"https:\/\/regaloshechosamano.com.mx\/index.php\/product\/cuadro-rosa-3d\/","og_site_name":"Creaciones Be","article_modified_time":"2024-04-02T05:14:52+00:00","og_image":[{"width":1000,"height":1000,"url":"http:\/\/regaloshechosamano.com.mx\/wp-content\/uploads\/2024\/04\/cuadro-rosa-3D-1.png","type":"image\/png"}],"twitter_card":"summary_large_image","twitter_misc":{"Tiempo de lectura":"1 minuto"},"schema":{"@context":"https:\/\/schema.org","@graph":[{"@type":"WebPage","@id":"https:\/\/regaloshechosamano.com.mx\/index.php\/product\/cuadro-rosa-3d\/","url":"https:\/\/regaloshechosamano.com.mx\/index.php\/product\/cuadro-rosa-3d\/","name":"Cuadro Rosa 3D. - Creaciones Be","isPartOf":{"@id":"https:\/\/regaloshechosamano.com.mx\/#website"},"datePublished":"2024-04-02T05:09:41+00:00","dateModified":"2024-04-02T05:14:52+00:00","description":"Decora tu casa, habitaci\u00f3n u oficina con este femenino y rom\u00e1ntico cuadro s\u00edmbolo de amor, pasi\u00f3n, atracci\u00f3n y seducci\u00f3n.","breadcrumb":{"@id":"https:\/\/regaloshechosamano.com.mx\/index.php\/product\/cuadro-rosa-3d\/#breadcrumb"},"inLanguage":"es-MX","potentialAction":[{"@type":"ReadAction","target":["https:\/\/regaloshechosamano.com.mx\/index.php\/product\/cuadro-rosa-3d\/"]}]},{"@type":"BreadcrumbList","@id":"https:\/\/regaloshechosamano.com.mx\/index.php\/product\/cuadro-rosa-3d\/#breadcrumb","itemListElement":[{"@type":"ListItem","position":1,"name":"Inicio","item":"https:\/\/regaloshechosamano.com.mx\/"},{"@type":"ListItem","position":2,"name":"Productos","item":"https:\/\/regaloshechosamano.com.mx\/index.php\/productos\/"},{"@type":"ListItem","position":3,"name":"Cuadro Rosa 3D."}]},{"@type":"WebSite","@id":"https:\/\/regaloshechosamano.com.mx\/#website","url":"https:\/\/regaloshechosamano.com.mx\/","name":"Creaciones Be","description":"Regalos \u00fanicos \u00a1momentos inolvidables!","publisher":{"@id":"https:\/\/regaloshechosamano.com.mx\/#organization"},"potentialAction":[{"@type":"SearchAction","target":{"@type":"EntryPoint","urlTemplate":"https:\/\/regaloshechosamano.com.mx\/?s={search_term_string}"},"query-input":"required name=search_term_string"}],"inLanguage":"es-MX"},{"@type":"Organization","@id":"https:\/\/regaloshechosamano.com.mx\/#organization","name":"Creaciones Be","url":"https:\/\/regaloshechosamano.com.mx\/","logo":{"@type":"ImageObject","inLanguage":"es-MX","@id":"https:\/\/regaloshechosamano.com.mx\/#\/schema\/logo\/image\/","url":"https:\/\/regaloshechosamano.com.mx\/wp-content\/uploads\/2022\/10\/FaviconLogo-png.png","contentUrl":"https:\/\/regaloshechosamano.com.mx\/wp-content\/uploads\/2022\/10\/FaviconLogo-png.png","width":64,"height":64,"caption":"Creaciones Be"},"image":{"@id":"https:\/\/regaloshechosamano.com.mx\/#\/schema\/logo\/image\/"}}]}},"_links":{"self":[{"href":"https:\/\/regaloshechosamano.com.mx\/index.php\/wp-json\/wp\/v3\/product\/2823"}],"collection":[{"href":"https:\/\/regaloshechosamano.com.mx\/index.php\/wp-json\/wp\/v3\/product"}],"about":[{"href":"https:\/\/regaloshechosamano.com.mx\/index.php\/wp-json\/wp\/v2\/types\/product"}],"wp:featuredmedia":[{"embeddable":true,"href":"https:\/\/regaloshechosamano.com.mx\/index.php\/wp-json\/wp\/v2\/media\/2824"}],"wp:attachment":[{"href":"https:\/\/regaloshechosamano.com.mx\/index.php\/wp-json\/wp\/v2\/media?parent=2823"}],"wp:term":[{"taxonomy":"product_cat","embeddable":true,"href":"https:\/\/regaloshechosamano.com.mx\/index.php\/wp-json\/wp\/v2\/product_cat?post=2823"},{"taxonomy":"product_tag","embeddable":true,"href":"https:\/\/regaloshechosamano.com.mx\/index.php\/wp-json\/wp\/v2\/product_tag?post=2823"}],"curies":[{"name":"wp","href":"https:\/\/api.w.org\/{rel}","templated":true}]}}