{"id":2744,"date":"2024-04-01T21:00:55","date_gmt":"2024-04-02T03:00:55","guid":{"rendered":"https:\/\/regaloshechosamano.com.mx\/?post_type=product&#038;p=2744"},"modified":"2024-04-01T21:09:12","modified_gmt":"2024-04-02T03:09:12","slug":"charola-giratoria-lampara","status":"publish","type":"product","link":"https:\/\/regaloshechosamano.com.mx\/index.php\/product\/charola-giratoria-lampara\/","title":{"rendered":"Charola giratoria l\u00e1mpara."},"content":{"rendered":"<ul>\n<li>Pintado a mano sobre una base de madera mdf con pintura acr\u00edlica y con pasta.<\/li>\n<li>Cuenta con un recubrimiento de resina que facilita su limpieza permite maximizar su duraci\u00f3n derivada del uso diario.<\/li>\n<li>F\u00e1cil de limpiar con un pa\u00f1o h\u00famedo incluso si se derrama l\u00edquido encima.<\/li>\n<li>Con un sistema rotatorio de alta calidad y resistencia.<\/li>\n<li>35 cm de di\u00e1metro.<\/li>\n<\/ul>\n","protected":false},"excerpt":{"rendered":"<p>Decora tu mesa y organ\u00edzala para que cada comensal pueda servirse c\u00f3modamente los condimentos, utensilios, etc\u00e9tera.<\/p>\n","protected":false},"featured_media":2745,"template":"","meta":{"_monsterinsights_skip_tracking":false,"_monsterinsights_sitenote_active":false,"_monsterinsights_sitenote_note":"","_monsterinsights_sitenote_category":0,"_kad_post_transparent":"default","_kad_post_title":"","_kad_post_layout":"default","_kad_post_sidebar_id":"","_kad_post_content_style":"default","_kad_post_vertical_padding":"default","_kad_post_feature":"","_kad_post_feature_position":"","_kad_post_header":false,"_kad_post_footer":false},"product_cat":[45,58,56],"product_tag":[83,84,85],"yoast_head":"<!-- This site is optimized with the Yoast SEO plugin v20.6 - https:\/\/yoast.com\/wordpress\/plugins\/seo\/ -->\n<title>Charola giratoria l\u00e1mpara. - Creaciones Be<\/title>\n<meta name=\"description\" content=\"Decora tu mesa y organ\u00edzala para que cada comensal pueda servirse c\u00f3modamente los condimentos, utensilios, servilletas, etc\u00e9tera.\" \/>\n<meta name=\"robots\" content=\"index, follow, max-snippet:-1, max-image-preview:large, max-video-preview:-1\" \/>\n<link rel=\"canonical\" href=\"https:\/\/regaloshechosamano.com.mx\/index.php\/product\/charola-giratoria-lampara\/\" \/>\n<meta property=\"og:locale\" content=\"es_MX\" \/>\n<meta property=\"og:type\" content=\"article\" \/>\n<meta property=\"og:title\" content=\"Charola giratoria l\u00e1mpara. - Creaciones Be\" \/>\n<meta property=\"og:description\" content=\"Decora tu mesa y organ\u00edzala para que cada comensal pueda servirse c\u00f3modamente los condimentos, utensilios, servilletas, etc\u00e9tera.\" \/>\n<meta property=\"og:url\" content=\"https:\/\/regaloshechosamano.com.mx\/index.php\/product\/charola-giratoria-lampara\/\" \/>\n<meta property=\"og:site_name\" content=\"Creaciones Be\" \/>\n<meta property=\"article:modified_time\" content=\"2024-04-02T03:09:12+00:00\" \/>\n<meta property=\"og:image\" content=\"http:\/\/regaloshechosamano.com.mx\/wp-content\/uploads\/2024\/04\/charola-navidena-lampara.jpg\" \/>\n\t<meta property=\"og:image:width\" content=\"800\" \/>\n\t<meta property=\"og:image:height\" content=\"682\" \/>\n\t<meta property=\"og:image:type\" content=\"image\/jpeg\" \/>\n<meta name=\"twitter:card\" content=\"summary_large_image\" \/>\n<meta name=\"twitter:label1\" content=\"Tiempo de lectura\" \/>\n\t<meta name=\"twitter:data1\" content=\"1 minuto\" \/>\n<script type=\"application\/ld+json\" class=\"yoast-schema-graph\">{\"@context\":\"https:\/\/schema.org\",\"@graph\":[{\"@type\":\"WebPage\",\"@id\":\"https:\/\/regaloshechosamano.com.mx\/index.php\/product\/charola-giratoria-lampara\/\",\"url\":\"https:\/\/regaloshechosamano.com.mx\/index.php\/product\/charola-giratoria-lampara\/\",\"name\":\"Charola giratoria l\u00e1mpara. - Creaciones Be\",\"isPartOf\":{\"@id\":\"https:\/\/regaloshechosamano.com.mx\/#website\"},\"datePublished\":\"2024-04-02T03:00:55+00:00\",\"dateModified\":\"2024-04-02T03:09:12+00:00\",\"description\":\"Decora tu mesa y organ\u00edzala para que cada comensal pueda servirse c\u00f3modamente los condimentos, utensilios, servilletas, etc\u00e9tera.\",\"breadcrumb\":{\"@id\":\"https:\/\/regaloshechosamano.com.mx\/index.php\/product\/charola-giratoria-lampara\/#breadcrumb\"},\"inLanguage\":\"es-MX\",\"potentialAction\":[{\"@type\":\"ReadAction\",\"target\":[\"https:\/\/regaloshechosamano.com.mx\/index.php\/product\/charola-giratoria-lampara\/\"]}]},{\"@type\":\"BreadcrumbList\",\"@id\":\"https:\/\/regaloshechosamano.com.mx\/index.php\/product\/charola-giratoria-lampara\/#breadcrumb\",\"itemListElement\":[{\"@type\":\"ListItem\",\"position\":1,\"name\":\"Inicio\",\"item\":\"https:\/\/regaloshechosamano.com.mx\/\"},{\"@type\":\"ListItem\",\"position\":2,\"name\":\"Productos\",\"item\":\"https:\/\/regaloshechosamano.com.mx\/index.php\/productos\/\"},{\"@type\":\"ListItem\",\"position\":3,\"name\":\"Charola giratoria l\u00e1mpara.\"}]},{\"@type\":\"WebSite\",\"@id\":\"https:\/\/regaloshechosamano.com.mx\/#website\",\"url\":\"https:\/\/regaloshechosamano.com.mx\/\",\"name\":\"Creaciones Be\",\"description\":\"Regalos \u00fanicos \u00a1momentos inolvidables!\",\"publisher\":{\"@id\":\"https:\/\/regaloshechosamano.com.mx\/#organization\"},\"potentialAction\":[{\"@type\":\"SearchAction\",\"target\":{\"@type\":\"EntryPoint\",\"urlTemplate\":\"https:\/\/regaloshechosamano.com.mx\/?s={search_term_string}\"},\"query-input\":\"required name=search_term_string\"}],\"inLanguage\":\"es-MX\"},{\"@type\":\"Organization\",\"@id\":\"https:\/\/regaloshechosamano.com.mx\/#organization\",\"name\":\"Creaciones Be\",\"url\":\"https:\/\/regaloshechosamano.com.mx\/\",\"logo\":{\"@type\":\"ImageObject\",\"inLanguage\":\"es-MX\",\"@id\":\"https:\/\/regaloshechosamano.com.mx\/#\/schema\/logo\/image\/\",\"url\":\"https:\/\/regaloshechosamano.com.mx\/wp-content\/uploads\/2022\/10\/FaviconLogo-png.png\",\"contentUrl\":\"https:\/\/regaloshechosamano.com.mx\/wp-content\/uploads\/2022\/10\/FaviconLogo-png.png\",\"width\":64,\"height\":64,\"caption\":\"Creaciones Be\"},\"image\":{\"@id\":\"https:\/\/regaloshechosamano.com.mx\/#\/schema\/logo\/image\/\"}}]}<\/script>\n<!-- \/ Yoast SEO plugin. -->","yoast_head_json":{"title":"Charola giratoria l\u00e1mpara. - Creaciones Be","description":"Decora tu mesa y organ\u00edzala para que cada comensal pueda servirse c\u00f3modamente los condimentos, utensilios, servilletas, etc\u00e9tera.","robots":{"index":"index","follow":"follow","max-snippet":"max-snippet:-1","max-image-preview":"max-image-preview:large","max-video-preview":"max-video-preview:-1"},"canonical":"https:\/\/regaloshechosamano.com.mx\/index.php\/product\/charola-giratoria-lampara\/","og_locale":"es_MX","og_type":"article","og_title":"Charola giratoria l\u00e1mpara. - Creaciones Be","og_description":"Decora tu mesa y organ\u00edzala para que cada comensal pueda servirse c\u00f3modamente los condimentos, utensilios, servilletas, etc\u00e9tera.","og_url":"https:\/\/regaloshechosamano.com.mx\/index.php\/product\/charola-giratoria-lampara\/","og_site_name":"Creaciones Be","article_modified_time":"2024-04-02T03:09:12+00:00","og_image":[{"width":800,"height":682,"url":"http:\/\/regaloshechosamano.com.mx\/wp-content\/uploads\/2024\/04\/charola-navidena-lampara.jpg","type":"image\/jpeg"}],"twitter_card":"summary_large_image","twitter_misc":{"Tiempo de lectura":"1 minuto"},"schema":{"@context":"https:\/\/schema.org","@graph":[{"@type":"WebPage","@id":"https:\/\/regaloshechosamano.com.mx\/index.php\/product\/charola-giratoria-lampara\/","url":"https:\/\/regaloshechosamano.com.mx\/index.php\/product\/charola-giratoria-lampara\/","name":"Charola giratoria l\u00e1mpara. - Creaciones Be","isPartOf":{"@id":"https:\/\/regaloshechosamano.com.mx\/#website"},"datePublished":"2024-04-02T03:00:55+00:00","dateModified":"2024-04-02T03:09:12+00:00","description":"Decora tu mesa y organ\u00edzala para que cada comensal pueda servirse c\u00f3modamente los condimentos, utensilios, servilletas, etc\u00e9tera.","breadcrumb":{"@id":"https:\/\/regaloshechosamano.com.mx\/index.php\/product\/charola-giratoria-lampara\/#breadcrumb"},"inLanguage":"es-MX","potentialAction":[{"@type":"ReadAction","target":["https:\/\/regaloshechosamano.com.mx\/index.php\/product\/charola-giratoria-lampara\/"]}]},{"@type":"BreadcrumbList","@id":"https:\/\/regaloshechosamano.com.mx\/index.php\/product\/charola-giratoria-lampara\/#breadcrumb","itemListElement":[{"@type":"ListItem","position":1,"name":"Inicio","item":"https:\/\/regaloshechosamano.com.mx\/"},{"@type":"ListItem","position":2,"name":"Productos","item":"https:\/\/regaloshechosamano.com.mx\/index.php\/productos\/"},{"@type":"ListItem","position":3,"name":"Charola giratoria l\u00e1mpara."}]},{"@type":"WebSite","@id":"https:\/\/regaloshechosamano.com.mx\/#website","url":"https:\/\/regaloshechosamano.com.mx\/","name":"Creaciones Be","description":"Regalos \u00fanicos \u00a1momentos inolvidables!","publisher":{"@id":"https:\/\/regaloshechosamano.com.mx\/#organization"},"potentialAction":[{"@type":"SearchAction","target":{"@type":"EntryPoint","urlTemplate":"https:\/\/regaloshechosamano.com.mx\/?s={search_term_string}"},"query-input":"required name=search_term_string"}],"inLanguage":"es-MX"},{"@type":"Organization","@id":"https:\/\/regaloshechosamano.com.mx\/#organization","name":"Creaciones Be","url":"https:\/\/regaloshechosamano.com.mx\/","logo":{"@type":"ImageObject","inLanguage":"es-MX","@id":"https:\/\/regaloshechosamano.com.mx\/#\/schema\/logo\/image\/","url":"https:\/\/regaloshechosamano.com.mx\/wp-content\/uploads\/2022\/10\/FaviconLogo-png.png","contentUrl":"https:\/\/regaloshechosamano.com.mx\/wp-content\/uploads\/2022\/10\/FaviconLogo-png.png","width":64,"height":64,"caption":"Creaciones Be"},"image":{"@id":"https:\/\/regaloshechosamano.com.mx\/#\/schema\/logo\/image\/"}}]}},"_links":{"self":[{"href":"https:\/\/regaloshechosamano.com.mx\/index.php\/wp-json\/wp\/v3\/product\/2744"}],"collection":[{"href":"https:\/\/regaloshechosamano.com.mx\/index.php\/wp-json\/wp\/v3\/product"}],"about":[{"href":"https:\/\/regaloshechosamano.com.mx\/index.php\/wp-json\/wp\/v2\/types\/product"}],"wp:featuredmedia":[{"embeddable":true,"href":"https:\/\/regaloshechosamano.com.mx\/index.php\/wp-json\/wp\/v2\/media\/2745"}],"wp:attachment":[{"href":"https:\/\/regaloshechosamano.com.mx\/index.php\/wp-json\/wp\/v2\/media?parent=2744"}],"wp:term":[{"taxonomy":"product_cat","embeddable":true,"href":"https:\/\/regaloshechosamano.com.mx\/index.php\/wp-json\/wp\/v2\/product_cat?post=2744"},{"taxonomy":"product_tag","embeddable":true,"href":"https:\/\/regaloshechosamano.com.mx\/index.php\/wp-json\/wp\/v2\/product_tag?post=2744"}],"curies":[{"name":"wp","href":"https:\/\/api.w.org\/{rel}","templated":true}]}}