{"id":1337,"date":"2022-10-13T02:29:27","date_gmt":"2022-10-13T07:29:27","guid":{"rendered":"https:\/\/regaloshechosamano.com.mx\/?post_type=product&#038;p=1337"},"modified":"2023-03-09T22:54:25","modified_gmt":"2023-03-10T04:54:25","slug":"corazones-mariposa","status":"publish","type":"product","link":"https:\/\/regaloshechosamano.com.mx\/index.php\/product\/corazones-mariposa\/","title":{"rendered":"Corazones mariposa"},"content":{"rendered":"<ul>\n<li>Ambienta cualquier espacio con una imagen de bienestar y progreso.<\/li>\n<li>Cuenta con una laca protectora que permite maximizar su duraci\u00f3n derivada de su exposici\u00f3n.<\/li>\n<li>Pintada a mano sobre madera mdf con pintura acr\u00edlica.<\/li>\n<li>Medidas: 63 cm de alto por 30 cm de ancho.<\/li>\n<\/ul>\n","protected":false},"excerpt":{"rendered":"<p>Dale vida a tu casa con un s\u00edmbolo de transformaci\u00f3n, ligereza y alegr\u00eda.<\/p>\n","protected":false},"featured_media":1338,"template":"","meta":{"_monsterinsights_skip_tracking":false,"_monsterinsights_sitenote_active":false,"_monsterinsights_sitenote_note":"","_monsterinsights_sitenote_category":0,"_kad_post_transparent":"default","_kad_post_title":"","_kad_post_layout":"default","_kad_post_sidebar_id":"","_kad_post_content_style":"default","_kad_post_vertical_padding":"default","_kad_post_feature":"","_kad_post_feature_position":"","_kad_post_header":false,"_kad_post_footer":false},"product_cat":[26],"product_tag":[50,49,47,48],"yoast_head":"<!-- This site is optimized with the Yoast SEO plugin v20.6 - https:\/\/yoast.com\/wordpress\/plugins\/seo\/ -->\n<title>Corazones mariposa - Creaciones Be<\/title>\n<meta name=\"description\" content=\"Ambienta cualquier espacio con este elegante tr\u00edptico de una imagen que representa transformaci\u00f3n constante, bienestar y progreso.\" \/>\n<meta name=\"robots\" content=\"index, follow, max-snippet:-1, max-image-preview:large, max-video-preview:-1\" \/>\n<link rel=\"canonical\" href=\"https:\/\/regaloshechosamano.com.mx\/index.php\/product\/corazones-mariposa\/\" \/>\n<meta property=\"og:locale\" content=\"es_MX\" \/>\n<meta property=\"og:type\" content=\"article\" \/>\n<meta property=\"og:title\" content=\"Corazones mariposa - Creaciones Be\" \/>\n<meta property=\"og:description\" content=\"Ambienta cualquier espacio con este elegante tr\u00edptico de una imagen que representa transformaci\u00f3n constante, bienestar y progreso.\" \/>\n<meta property=\"og:url\" content=\"https:\/\/regaloshechosamano.com.mx\/index.php\/product\/corazones-mariposa\/\" \/>\n<meta property=\"og:site_name\" content=\"Creaciones Be\" \/>\n<meta property=\"article:modified_time\" content=\"2023-03-10T04:54:25+00:00\" \/>\n<meta property=\"og:image\" content=\"http:\/\/regaloshechosamano.com.mx\/wp-content\/uploads\/2022\/10\/triptico-mariposas.png\" \/>\n\t<meta property=\"og:image:width\" content=\"1366\" \/>\n\t<meta property=\"og:image:height\" content=\"768\" \/>\n\t<meta property=\"og:image:type\" content=\"image\/png\" \/>\n<meta name=\"twitter:card\" content=\"summary_large_image\" \/>\n<meta name=\"twitter:label1\" content=\"Tiempo de lectura\" \/>\n\t<meta name=\"twitter:data1\" content=\"1 minuto\" \/>\n<script type=\"application\/ld+json\" class=\"yoast-schema-graph\">{\"@context\":\"https:\/\/schema.org\",\"@graph\":[{\"@type\":\"WebPage\",\"@id\":\"https:\/\/regaloshechosamano.com.mx\/index.php\/product\/corazones-mariposa\/\",\"url\":\"https:\/\/regaloshechosamano.com.mx\/index.php\/product\/corazones-mariposa\/\",\"name\":\"Corazones mariposa - Creaciones Be\",\"isPartOf\":{\"@id\":\"https:\/\/regaloshechosamano.com.mx\/#website\"},\"datePublished\":\"2022-10-13T07:29:27+00:00\",\"dateModified\":\"2023-03-10T04:54:25+00:00\",\"description\":\"Ambienta cualquier espacio con este elegante tr\u00edptico de una imagen que representa transformaci\u00f3n constante, bienestar y progreso.\",\"breadcrumb\":{\"@id\":\"https:\/\/regaloshechosamano.com.mx\/index.php\/product\/corazones-mariposa\/#breadcrumb\"},\"inLanguage\":\"es-MX\",\"potentialAction\":[{\"@type\":\"ReadAction\",\"target\":[\"https:\/\/regaloshechosamano.com.mx\/index.php\/product\/corazones-mariposa\/\"]}]},{\"@type\":\"BreadcrumbList\",\"@id\":\"https:\/\/regaloshechosamano.com.mx\/index.php\/product\/corazones-mariposa\/#breadcrumb\",\"itemListElement\":[{\"@type\":\"ListItem\",\"position\":1,\"name\":\"Inicio\",\"item\":\"https:\/\/regaloshechosamano.com.mx\/\"},{\"@type\":\"ListItem\",\"position\":2,\"name\":\"Productos\",\"item\":\"https:\/\/regaloshechosamano.com.mx\/index.php\/productos\/\"},{\"@type\":\"ListItem\",\"position\":3,\"name\":\"Corazones mariposa\"}]},{\"@type\":\"WebSite\",\"@id\":\"https:\/\/regaloshechosamano.com.mx\/#website\",\"url\":\"https:\/\/regaloshechosamano.com.mx\/\",\"name\":\"Creaciones Be\",\"description\":\"Regalos \u00fanicos \u00a1momentos inolvidables!\",\"publisher\":{\"@id\":\"https:\/\/regaloshechosamano.com.mx\/#organization\"},\"potentialAction\":[{\"@type\":\"SearchAction\",\"target\":{\"@type\":\"EntryPoint\",\"urlTemplate\":\"https:\/\/regaloshechosamano.com.mx\/?s={search_term_string}\"},\"query-input\":\"required name=search_term_string\"}],\"inLanguage\":\"es-MX\"},{\"@type\":\"Organization\",\"@id\":\"https:\/\/regaloshechosamano.com.mx\/#organization\",\"name\":\"Creaciones Be\",\"url\":\"https:\/\/regaloshechosamano.com.mx\/\",\"logo\":{\"@type\":\"ImageObject\",\"inLanguage\":\"es-MX\",\"@id\":\"https:\/\/regaloshechosamano.com.mx\/#\/schema\/logo\/image\/\",\"url\":\"https:\/\/regaloshechosamano.com.mx\/wp-content\/uploads\/2022\/10\/FaviconLogo-png.png\",\"contentUrl\":\"https:\/\/regaloshechosamano.com.mx\/wp-content\/uploads\/2022\/10\/FaviconLogo-png.png\",\"width\":64,\"height\":64,\"caption\":\"Creaciones Be\"},\"image\":{\"@id\":\"https:\/\/regaloshechosamano.com.mx\/#\/schema\/logo\/image\/\"}}]}<\/script>\n<!-- \/ Yoast SEO plugin. -->","yoast_head_json":{"title":"Corazones mariposa - Creaciones Be","description":"Ambienta cualquier espacio con este elegante tr\u00edptico de una imagen que representa transformaci\u00f3n constante, bienestar y progreso.","robots":{"index":"index","follow":"follow","max-snippet":"max-snippet:-1","max-image-preview":"max-image-preview:large","max-video-preview":"max-video-preview:-1"},"canonical":"https:\/\/regaloshechosamano.com.mx\/index.php\/product\/corazones-mariposa\/","og_locale":"es_MX","og_type":"article","og_title":"Corazones mariposa - Creaciones Be","og_description":"Ambienta cualquier espacio con este elegante tr\u00edptico de una imagen que representa transformaci\u00f3n constante, bienestar y progreso.","og_url":"https:\/\/regaloshechosamano.com.mx\/index.php\/product\/corazones-mariposa\/","og_site_name":"Creaciones Be","article_modified_time":"2023-03-10T04:54:25+00:00","og_image":[{"width":1366,"height":768,"url":"http:\/\/regaloshechosamano.com.mx\/wp-content\/uploads\/2022\/10\/triptico-mariposas.png","type":"image\/png"}],"twitter_card":"summary_large_image","twitter_misc":{"Tiempo de lectura":"1 minuto"},"schema":{"@context":"https:\/\/schema.org","@graph":[{"@type":"WebPage","@id":"https:\/\/regaloshechosamano.com.mx\/index.php\/product\/corazones-mariposa\/","url":"https:\/\/regaloshechosamano.com.mx\/index.php\/product\/corazones-mariposa\/","name":"Corazones mariposa - Creaciones Be","isPartOf":{"@id":"https:\/\/regaloshechosamano.com.mx\/#website"},"datePublished":"2022-10-13T07:29:27+00:00","dateModified":"2023-03-10T04:54:25+00:00","description":"Ambienta cualquier espacio con este elegante tr\u00edptico de una imagen que representa transformaci\u00f3n constante, bienestar y progreso.","breadcrumb":{"@id":"https:\/\/regaloshechosamano.com.mx\/index.php\/product\/corazones-mariposa\/#breadcrumb"},"inLanguage":"es-MX","potentialAction":[{"@type":"ReadAction","target":["https:\/\/regaloshechosamano.com.mx\/index.php\/product\/corazones-mariposa\/"]}]},{"@type":"BreadcrumbList","@id":"https:\/\/regaloshechosamano.com.mx\/index.php\/product\/corazones-mariposa\/#breadcrumb","itemListElement":[{"@type":"ListItem","position":1,"name":"Inicio","item":"https:\/\/regaloshechosamano.com.mx\/"},{"@type":"ListItem","position":2,"name":"Productos","item":"https:\/\/regaloshechosamano.com.mx\/index.php\/productos\/"},{"@type":"ListItem","position":3,"name":"Corazones mariposa"}]},{"@type":"WebSite","@id":"https:\/\/regaloshechosamano.com.mx\/#website","url":"https:\/\/regaloshechosamano.com.mx\/","name":"Creaciones Be","description":"Regalos \u00fanicos \u00a1momentos inolvidables!","publisher":{"@id":"https:\/\/regaloshechosamano.com.mx\/#organization"},"potentialAction":[{"@type":"SearchAction","target":{"@type":"EntryPoint","urlTemplate":"https:\/\/regaloshechosamano.com.mx\/?s={search_term_string}"},"query-input":"required name=search_term_string"}],"inLanguage":"es-MX"},{"@type":"Organization","@id":"https:\/\/regaloshechosamano.com.mx\/#organization","name":"Creaciones Be","url":"https:\/\/regaloshechosamano.com.mx\/","logo":{"@type":"ImageObject","inLanguage":"es-MX","@id":"https:\/\/regaloshechosamano.com.mx\/#\/schema\/logo\/image\/","url":"https:\/\/regaloshechosamano.com.mx\/wp-content\/uploads\/2022\/10\/FaviconLogo-png.png","contentUrl":"https:\/\/regaloshechosamano.com.mx\/wp-content\/uploads\/2022\/10\/FaviconLogo-png.png","width":64,"height":64,"caption":"Creaciones Be"},"image":{"@id":"https:\/\/regaloshechosamano.com.mx\/#\/schema\/logo\/image\/"}}]}},"_links":{"self":[{"href":"https:\/\/regaloshechosamano.com.mx\/index.php\/wp-json\/wp\/v3\/product\/1337"}],"collection":[{"href":"https:\/\/regaloshechosamano.com.mx\/index.php\/wp-json\/wp\/v3\/product"}],"about":[{"href":"https:\/\/regaloshechosamano.com.mx\/index.php\/wp-json\/wp\/v2\/types\/product"}],"wp:featuredmedia":[{"embeddable":true,"href":"https:\/\/regaloshechosamano.com.mx\/index.php\/wp-json\/wp\/v2\/media\/1338"}],"wp:attachment":[{"href":"https:\/\/regaloshechosamano.com.mx\/index.php\/wp-json\/wp\/v2\/media?parent=1337"}],"wp:term":[{"taxonomy":"product_cat","embeddable":true,"href":"https:\/\/regaloshechosamano.com.mx\/index.php\/wp-json\/wp\/v2\/product_cat?post=1337"},{"taxonomy":"product_tag","embeddable":true,"href":"https:\/\/regaloshechosamano.com.mx\/index.php\/wp-json\/wp\/v2\/product_tag?post=1337"}],"curies":[{"name":"wp","href":"https:\/\/api.w.org\/{rel}","templated":true}]}}